{"id":1902,"date":"2020-08-07T17:15:31","date_gmt":"2020-08-07T17:15:31","guid":{"rendered":"https:\/\/www.matkovin.fo\/?page_id=1902"},"modified":"2020-08-07T17:15:31","modified_gmt":"2020-08-07T17:15:31","slug":"vision-and-values","status":"publish","type":"page","link":"https:\/\/www.matkovin.fo\/en\/vision-and-values\/","title":{"rendered":"Vision and values"},"content":{"rendered":"\n<div style=\"height:50px\" aria-hidden=\"true\" class=\"wp-block-spacer\"><\/div>\n\n\n\n<p style=\"font-size:29px\" class=\"has-text-align-center\">Vision and values<\/p>\n\n\n\n<div style=\"height:20px\" aria-hidden=\"true\" class=\"wp-block-spacer\"><\/div>\n\n\n\n<p>During the last ten years the interest for Faroese food has grown considerably. Gourmet, Koks, Sp\u00edskamari\u00f0, Heimabl\u00ed\u00f0ni and others players on the culinary scene have been very industrious in presenting and selling the abundance of the Faroese cuisine and food culture.<\/p>\n\n\n\n<p>There is a divide, though, between this romantic vision of the Faroese food culture and the everyday state of things, where the majority of our food is imported from far-away countries. In the supermarkets, you\u2019ll find lamb from New Zealand, eggs and cheese from Denmark and potatoes from Scotland. These are primary products that could be produced in the Faroe Islands, but due to several circumstances, such as cost and legislation, the goods are imported instead in large numbers. Few Faroese foods are available in the shops, and we are never told where the producer of these foods is located. The Faroese food producer is invisible.<\/p>\n\n\n\n<p>Who delivers the food? Where does the producer reside? How is the product cultivated, hunted, caught or processed? What is the story behind the product? Why should you support local producers?<\/p>\n\n\n\n<p>These are important questions that we are going to explore and discuss on Matkovin.fo. The aim of the web page is to shorten the distance between producer and consumer and to support a sustainable and more responsible Faroese food culture, production and industry. On Matkovin.fo the Faroese food producer is at the centre.<\/p>\n\n\n\n<div style=\"height:20px\" aria-hidden=\"true\" class=\"wp-block-spacer\"><\/div>\n\n\n\n<div class=\"wp-block-image\"><figure class=\"aligncenter size-large is-resized\"><img loading=\"lazy\" decoding=\"async\" src=\"https:\/\/www.matkovin.fo\/wp-content\/uploads\/2020\/08\/E_SDG-goals_icons-individual-rgb-12-1.png\" alt=\"\" class=\"wp-image-1905\" width=\"201\" height=\"202\" srcset=\"https:\/\/www.matkovin.fo\/wp-content\/uploads\/2020\/08\/E_SDG-goals_icons-individual-rgb-12-1.png 1536w, https:\/\/www.matkovin.fo\/wp-content\/uploads\/2020\/08\/E_SDG-goals_icons-individual-rgb-12-1-600x600.png 600w, https:\/\/www.matkovin.fo\/wp-content\/uploads\/2020\/08\/E_SDG-goals_icons-individual-rgb-12-1-400x400.png 400w, https:\/\/www.matkovin.fo\/wp-content\/uploads\/2020\/08\/E_SDG-goals_icons-individual-rgb-12-1-768x768.png 768w, https:\/\/www.matkovin.fo\/wp-content\/uploads\/2020\/08\/E_SDG-goals_icons-individual-rgb-12-1-200x200.png 200w\" sizes=\"auto, (max-width: 201px) 100vw, 201px\" \/><\/figure><\/div>\n\n\n\n<div style=\"height:20px\" aria-hidden=\"true\" class=\"wp-block-spacer\"><\/div>\n\n\n\n<figure class=\"wp-block-image alignfull size-large\"><img decoding=\"async\" src=\"https:\/\/www.matkovin.fo\/wp-content\/uploads\/2020\/05\/8-1600x1143.jpg\" alt=\"\" class=\"wp-image-442\"\/><\/figure>\n","protected":false},"excerpt":{"rendered":"<p>Vision and values During the last ten years the interest for Faroese food has grown considerably. Gourmet, Koks, Sp\u00edskamari\u00f0, Heimabl\u00ed\u00f0ni and others players on the culinary scene have been very industrious in presenting and selling the abundance of the Faroese cuisine and food culture. There is a divide, though, between this romantic vision of the [&hellip;]<\/p>\n","protected":false},"author":2,"featured_media":0,"parent":0,"menu_order":0,"comment_status":"closed","ping_status":"closed","template":"","meta":{"_acf_changed":false,"_monsterinsights_skip_tracking":false,"_monsterinsights_sitenote_active":false,"_monsterinsights_sitenote_note":"","_monsterinsights_sitenote_category":0,"footnotes":""},"class_list":["post-1902","page","type-page","status-publish","hentry"],"acf":[],"yoast_head":"<!-- This site is optimized with the Yoast SEO plugin v27.4 - https:\/\/yoast.com\/product\/yoast-seo-wordpress\/ -->\n<title>Vision and values - Matkovin<\/title>\n<meta name=\"robots\" content=\"index, follow, max-snippet:-1, max-image-preview:large, max-video-preview:-1\" \/>\n<link rel=\"canonical\" href=\"https:\/\/www.matkovin.fo\/en\/vision-and-values\/\" \/>\n<meta property=\"og:locale\" content=\"en_US\" \/>\n<meta property=\"og:type\" content=\"article\" \/>\n<meta property=\"og:title\" content=\"Vision and values - Matkovin\" \/>\n<meta property=\"og:description\" content=\"Vision and values During the last ten years the interest for Faroese food has grown considerably. Gourmet, Koks, Sp\u00edskamari\u00f0, Heimabl\u00ed\u00f0ni and others players on the culinary scene have been very industrious in presenting and selling the abundance of the Faroese cuisine and food culture. There is a divide, though, between this romantic vision of the [&hellip;]\" \/>\n<meta property=\"og:url\" content=\"https:\/\/www.matkovin.fo\/en\/vision-and-values\/\" \/>\n<meta property=\"og:site_name\" content=\"Matkovin\" \/>\n<meta property=\"og:image\" content=\"https:\/\/www.matkovin.fo\/wp-content\/uploads\/2020\/08\/E_SDG-goals_icons-individual-rgb-12-1.png\" \/>\n<meta name=\"twitter:card\" content=\"summary_large_image\" \/>\n<meta name=\"twitter:label1\" content=\"Est. reading time\" \/>\n\t<meta name=\"twitter:data1\" content=\"1 minute\" \/>\n<script type=\"application\/ld+json\" class=\"yoast-schema-graph\">{\"@context\":\"https:\\\/\\\/schema.org\",\"@graph\":[{\"@type\":\"WebPage\",\"@id\":\"https:\\\/\\\/www.matkovin.fo\\\/en\\\/vision-and-values\\\/\",\"url\":\"https:\\\/\\\/www.matkovin.fo\\\/en\\\/vision-and-values\\\/\",\"name\":\"Vision and values - Matkovin\",\"isPartOf\":{\"@id\":\"https:\\\/\\\/www.matkovin.fo\\\/en\\\/#website\"},\"primaryImageOfPage\":{\"@id\":\"https:\\\/\\\/www.matkovin.fo\\\/en\\\/vision-and-values\\\/#primaryimage\"},\"image\":{\"@id\":\"https:\\\/\\\/www.matkovin.fo\\\/en\\\/vision-and-values\\\/#primaryimage\"},\"thumbnailUrl\":\"https:\\\/\\\/www.matkovin.fo\\\/wp-content\\\/uploads\\\/2020\\\/08\\\/E_SDG-goals_icons-individual-rgb-12-1.png\",\"datePublished\":\"2020-08-07T17:15:31+00:00\",\"breadcrumb\":{\"@id\":\"https:\\\/\\\/www.matkovin.fo\\\/en\\\/vision-and-values\\\/#breadcrumb\"},\"inLanguage\":\"en-US\",\"potentialAction\":[{\"@type\":\"ReadAction\",\"target\":[\"https:\\\/\\\/www.matkovin.fo\\\/en\\\/vision-and-values\\\/\"]}]},{\"@type\":\"ImageObject\",\"inLanguage\":\"en-US\",\"@id\":\"https:\\\/\\\/www.matkovin.fo\\\/en\\\/vision-and-values\\\/#primaryimage\",\"url\":\"https:\\\/\\\/www.matkovin.fo\\\/wp-content\\\/uploads\\\/2020\\\/08\\\/E_SDG-goals_icons-individual-rgb-12-1.png\",\"contentUrl\":\"https:\\\/\\\/www.matkovin.fo\\\/wp-content\\\/uploads\\\/2020\\\/08\\\/E_SDG-goals_icons-individual-rgb-12-1.png\"},{\"@type\":\"BreadcrumbList\",\"@id\":\"https:\\\/\\\/www.matkovin.fo\\\/en\\\/vision-and-values\\\/#breadcrumb\",\"itemListElement\":[{\"@type\":\"ListItem\",\"position\":1,\"name\":\"Home\",\"item\":\"https:\\\/\\\/www.matkovin.fo\\\/en\\\/\"},{\"@type\":\"ListItem\",\"position\":2,\"name\":\"Vision and values\"}]},{\"@type\":\"WebSite\",\"@id\":\"https:\\\/\\\/www.matkovin.fo\\\/en\\\/#website\",\"url\":\"https:\\\/\\\/www.matkovin.fo\\\/en\\\/\",\"name\":\"Matkovin\",\"description\":\"Matkovin\",\"potentialAction\":[{\"@type\":\"SearchAction\",\"target\":{\"@type\":\"EntryPoint\",\"urlTemplate\":\"https:\\\/\\\/www.matkovin.fo\\\/en\\\/?s={search_term_string}\"},\"query-input\":{\"@type\":\"PropertyValueSpecification\",\"valueRequired\":true,\"valueName\":\"search_term_string\"}}],\"inLanguage\":\"en-US\"}]}<\/script>\n<!-- \/ Yoast SEO plugin. -->","yoast_head_json":{"title":"Vision and values - Matkovin","robots":{"index":"index","follow":"follow","max-snippet":"max-snippet:-1","max-image-preview":"max-image-preview:large","max-video-preview":"max-video-preview:-1"},"canonical":"https:\/\/www.matkovin.fo\/en\/vision-and-values\/","og_locale":"en_US","og_type":"article","og_title":"Vision and values - Matkovin","og_description":"Vision and values During the last ten years the interest for Faroese food has grown considerably. Gourmet, Koks, Sp\u00edskamari\u00f0, Heimabl\u00ed\u00f0ni and others players on the culinary scene have been very industrious in presenting and selling the abundance of the Faroese cuisine and food culture. There is a divide, though, between this romantic vision of the [&hellip;]","og_url":"https:\/\/www.matkovin.fo\/en\/vision-and-values\/","og_site_name":"Matkovin","og_image":[{"url":"https:\/\/www.matkovin.fo\/wp-content\/uploads\/2020\/08\/E_SDG-goals_icons-individual-rgb-12-1.png","type":"","width":"","height":""}],"twitter_card":"summary_large_image","twitter_misc":{"Est. reading time":"1 minute"},"schema":{"@context":"https:\/\/schema.org","@graph":[{"@type":"WebPage","@id":"https:\/\/www.matkovin.fo\/en\/vision-and-values\/","url":"https:\/\/www.matkovin.fo\/en\/vision-and-values\/","name":"Vision and values - Matkovin","isPartOf":{"@id":"https:\/\/www.matkovin.fo\/en\/#website"},"primaryImageOfPage":{"@id":"https:\/\/www.matkovin.fo\/en\/vision-and-values\/#primaryimage"},"image":{"@id":"https:\/\/www.matkovin.fo\/en\/vision-and-values\/#primaryimage"},"thumbnailUrl":"https:\/\/www.matkovin.fo\/wp-content\/uploads\/2020\/08\/E_SDG-goals_icons-individual-rgb-12-1.png","datePublished":"2020-08-07T17:15:31+00:00","breadcrumb":{"@id":"https:\/\/www.matkovin.fo\/en\/vision-and-values\/#breadcrumb"},"inLanguage":"en-US","potentialAction":[{"@type":"ReadAction","target":["https:\/\/www.matkovin.fo\/en\/vision-and-values\/"]}]},{"@type":"ImageObject","inLanguage":"en-US","@id":"https:\/\/www.matkovin.fo\/en\/vision-and-values\/#primaryimage","url":"https:\/\/www.matkovin.fo\/wp-content\/uploads\/2020\/08\/E_SDG-goals_icons-individual-rgb-12-1.png","contentUrl":"https:\/\/www.matkovin.fo\/wp-content\/uploads\/2020\/08\/E_SDG-goals_icons-individual-rgb-12-1.png"},{"@type":"BreadcrumbList","@id":"https:\/\/www.matkovin.fo\/en\/vision-and-values\/#breadcrumb","itemListElement":[{"@type":"ListItem","position":1,"name":"Home","item":"https:\/\/www.matkovin.fo\/en\/"},{"@type":"ListItem","position":2,"name":"Vision and values"}]},{"@type":"WebSite","@id":"https:\/\/www.matkovin.fo\/en\/#website","url":"https:\/\/www.matkovin.fo\/en\/","name":"Matkovin","description":"Matkovin","potentialAction":[{"@type":"SearchAction","target":{"@type":"EntryPoint","urlTemplate":"https:\/\/www.matkovin.fo\/en\/?s={search_term_string}"},"query-input":{"@type":"PropertyValueSpecification","valueRequired":true,"valueName":"search_term_string"}}],"inLanguage":"en-US"}]}},"_links":{"self":[{"href":"https:\/\/www.matkovin.fo\/en\/wp-json\/wp\/v2\/pages\/1902","targetHints":{"allow":["GET"]}}],"collection":[{"href":"https:\/\/www.matkovin.fo\/en\/wp-json\/wp\/v2\/pages"}],"about":[{"href":"https:\/\/www.matkovin.fo\/en\/wp-json\/wp\/v2\/types\/page"}],"author":[{"embeddable":true,"href":"https:\/\/www.matkovin.fo\/en\/wp-json\/wp\/v2\/users\/2"}],"replies":[{"embeddable":true,"href":"https:\/\/www.matkovin.fo\/en\/wp-json\/wp\/v2\/comments?post=1902"}],"version-history":[{"count":1,"href":"https:\/\/www.matkovin.fo\/en\/wp-json\/wp\/v2\/pages\/1902\/revisions"}],"predecessor-version":[{"id":1907,"href":"https:\/\/www.matkovin.fo\/en\/wp-json\/wp\/v2\/pages\/1902\/revisions\/1907"}],"wp:attachment":[{"href":"https:\/\/www.matkovin.fo\/en\/wp-json\/wp\/v2\/media?parent=1902"}],"curies":[{"name":"wp","href":"https:\/\/api.w.org\/{rel}","templated":true}]}}